{"id":1408,"date":"2022-03-21T11:34:38","date_gmt":"2022-03-21T11:34:38","guid":{"rendered":"https:\/\/battrang.museum\/product\/reed-grass-engraved-table-lamp\/"},"modified":"2026-04-02T15:30:52","modified_gmt":"2026-04-02T08:30:52","slug":"tulipiere","status":"publish","type":"product","link":"https:\/\/battrang.museum\/en\/product\/tulipiere\/","title":{"rendered":"Tulipiere"},"content":{"rendered":"<div class=\"wpb-content-wrapper\">[vc_row full_width=&#8221;stretch_row_content_no_spaces&#8221; css=&#8221;.vc_custom_1750758511490{background-image: url(http:\/\/battrang.museum\/wp-content\/uploads\/2021\/09\/e0266-e1750756593455.jpg?id=6441) !important;background-position: center !important;background-repeat: no-repeat !important;background-size: cover !important;}&#8221;][vc_column][vc_empty_space height=&#8221;68rem&#8221;][\/vc_column][\/vc_row][vc_row][vc_column][vc_empty_space height=&#8221;6rem&#8221;][\/vc_column][\/vc_row][vc_row][vc_column width=&#8221;5\/6&#8243; offset=&#8221;vc_col-lg-offset-2 vc_col-lg-8 vc_col-md-offset-1 vc_col-md-10 vc_col-sm-offset-1&#8243;][vc_column_text]\r\n<h3>Tulipiere<\/h3>\r\n[\/vc_column_text][vc_empty_space height=&#8221;4rem&#8221;][\/vc_column][vc_column width=&#8221;5\/6&#8243; offset=&#8221;vc_col-lg-offset-2 vc_col-lg-4 vc_col-md-offset-1 vc_col-md-6 vc_col-sm-offset-1&#8243;][vc_column_text]In 17th century Europe, where tulips were considered highly precious and extremely valuable, a new type of vase was invented by the craftsman of old \u2013 a special flower holder with multiple spouts to grow tulips indoor. Upon its creation, the tulipiere was quick to gain favors, so much so that it became a common object of ornament in the upper-class European households. Not only can it accomodate tulips, a variety of flowers can be put on display using the tulipiere, be it Easter lilies, hyacinths, or whatever that suits your taste.\r\n\r\n[\/vc_column_text][vc_empty_space height=&#8221;4rem&#8221;][\/vc_column][vc_column width=&#8221;5\/6&#8243; offset=&#8221;vc_col-lg-offset-1 vc_col-lg-3 vc_col-md-offset-1 vc_col-md-3 vc_col-sm-offset-1&#8243;][vc_column_text el_class=&#8221;event-time&#8221;]<strong>Dimensions (cm)\u00a0 \u00a0<\/strong>28\u00d729(L) \u201422\u00d723(M) \u201416\u00d717(S)\r\n<strong>Technique\u00a0 \u00a0 \u00a0 \u00a0<\/strong>Single-hued overlapping glaze\r\n<strong>Color\u00a0 \u00a0 \u00a0 \u00a0<\/strong>Dark Blue\u00a0<em>\u2014Explore other color versions on B\u00e1t Tr\u00e0ng Museum Atelier (BTMA)\u2019s Facebook page \u2014<strong><a href=\"https:\/\/www.facebook.com\/battrangmuseumatelier\/\"><span class=\"s1\">Click here<\/span><\/a><\/strong><\/em>[\/vc_column_text][vc_empty_space height=&#8221;1rem&#8221;][vc_column_text el_class=&#8221;event-time&#8221;]<strong>Price\u00a0 \u00a0 \u00a0 \u00a0<\/strong>Size L 4800 \u2014Size M 3800 \u2014Size S 1350 (<em>Solid color<\/em>)\r\n<strong>\u00a0 \u00a0 \u00a0<\/strong>Size L 10500 \u2014Size M 8250 \u2014Size S 2800 (<em>Patterned<\/em>)[\/vc_column_text][vc_empty_space height=&#8221;1rem&#8221;][vc_column_text el_class=&#8221;event-time&#8221;]\r\n<h6 style=\"text-align: left;\">* (Price shown in 1000 VND unit)<\/h6>\r\n[\/vc_column_text][vc_empty_space height=&#8221;12rem&#8221;][vc_single_image image=&#8221;6456&#8243; img_size=&#8221;medium&#8221;][vc_empty_space height=&#8221;12rem&#8221;][\/vc_column][\/vc_row][vc_row][vc_column][vc_empty_space height=&#8221;12rem&#8221;][vc_empty_space height=&#8221;12rem&#8221; el_class=&#8221;hide-tablet-v&#8221;][\/vc_column][\/vc_row][vc_row equal_height=&#8221;yes&#8221; content_placement=&#8221;middle&#8221;][vc_column width=&#8221;2\/3&#8243; offset=&#8221;vc_col-md-offset-2 vc_col-md-3 vc_col-sm-offset-2&#8243;][vc_row_inner][vc_column_inner offset=&#8221;vc_hidden-sm vc_hidden-xs&#8221;][vc_empty_space height=&#8221;10rem&#8221;][\/vc_column_inner][\/vc_row_inner][vc_column_text]\r\n<div class=\"page\" title=\"Page 11\">\r\n<div class=\"section\">\r\n<div class=\"layoutArea\">\r\n<div class=\"column\">\r\n\r\nHandmade by the artisans of B\u00e1t Tr\u00e0ng Museum Atelier (BTMA), the ceramic tulipiere of B\u00e1t Tr\u00e0ng is a modern interpretation of the European tulip-holders. This reinpretation of the classical vase design is typically embellished with either traditional Vietnamese motifs or a coat of traditional glaze unique to the workshop. Such a blend of historical elegance and cultural craftsmanship makes the B\u00e1t Tr\u00e0ng tulipiere a distinguished piece that bridges tradition and contemporary artistry.\r\n\r\n<\/div>\r\n<\/div>\r\n<\/div>\r\n<\/div>\r\n[\/vc_column_text][\/vc_column][vc_column width=&#8221;2\/3&#8243; offset=&#8221;vc_col-md-offset-1 vc_col-md-6 vc_col-sm-offset-2 vc_col-xs-offset-1 vc_col-xs-10&#8243;][vc_row_inner][vc_column_inner offset=&#8221;vc_hidden-lg vc_hidden-md&#8221;][vc_empty_space height=&#8221;4rem&#8221;][\/vc_column_inner][vc_column_inner width=&#8221;2\/3&#8243; offset=&#8221;vc_col-md-6 vc_col-xs-8&#8243;][vc_empty_space height=&#8221;4rem&#8221;][vc_single_image image=&#8221;6436&#8243; img_size=&#8221;full&#8221;][vc_empty_space height=&#8221;4rem&#8221;][\/vc_column_inner][vc_column_inner width=&#8221;1\/4&#8243; offset=&#8221;vc_col-md-2 vc_col-sm-offset-1 vc_col-xs-offset-1 vc_col-xs-3&#8243;][vc_single_image image=&#8221;6432&#8243; img_size=&#8221;full&#8221;][\/vc_column_inner][\/vc_row_inner][\/vc_column][\/vc_row][vc_section el_class=&#8221;.grid-collection&#8221;][vc_row equal_height=&#8221;yes&#8221; content_placement=&#8221;middle&#8221;][vc_column width=&#8221;2\/3&#8243; offset=&#8221;vc_col-md-3 vc_col-sm-offset-2&#8243;][vc_column_text]\r\n<p class=\"p1\">More on B\u00e1t Tr\u00e0ng Museum Atelier (BTMA)\u2019s Facebook page\u00a0<strong><a href=\"https:\/\/www.facebook.com\/battrangmuseumatelier\/\"><span class=\"s1\">\u2014Click here<\/span><\/a><\/strong>.<\/p>\r\n[\/vc_column_text][\/vc_column][vc_column width=&#8221;2\/3&#8243; offset=&#8221;vc_col-md-offset-1 vc_col-md-4 vc_col-sm-offset-2 vc_col-xs-offset-1 vc_col-xs-10&#8243;][vc_empty_space height=&#8221;4rem&#8221;][vc_single_image image=&#8221;6440&#8243; img_size=&#8221;full&#8221;][vc_empty_space height=&#8221;4rem&#8221;][\/vc_column][\/vc_row][\/vc_section][vc_section el_class=&#8221;.grid-collection&#8221;][vc_row][vc_column][vc_empty_space height=&#8221;8rem&#8221; el_class=&#8221;hide-tablet-v&#8221;][\/vc_column][\/vc_row][vc_row][vc_column width=&#8221;2\/3&#8243; offset=&#8221;vc_col-sm-offset-2&#8243;][vc_row_inner][vc_column_inner width=&#8221;1\/2&#8243; offset=&#8221;vc_col-xs-6&#8243;][vc_single_image image=&#8221;6442&#8243; img_size=&#8221;full&#8221;][\/vc_column_inner][vc_column_inner width=&#8221;1\/2&#8243; offset=&#8221;vc_col-xs-6&#8243;][vc_single_image image=&#8221;6458&#8243; img_size=&#8221;full&#8221;][\/vc_column_inner][\/vc_row_inner][vc_row_inner][vc_column_inner width=&#8221;1\/2&#8243; offset=&#8221;vc_col-xs-6&#8243;][vc_single_image image=&#8221;6446&#8243; img_size=&#8221;full&#8221;][vc_empty_space height=&#8221;1rem&#8221;][\/vc_column_inner][vc_column_inner width=&#8221;1\/2&#8243; offset=&#8221;vc_col-xs-6&#8243;][vc_single_image image=&#8221;6448&#8243; img_size=&#8221;full&#8221;][vc_empty_space height=&#8221;1rem&#8221;][\/vc_column_inner][\/vc_row_inner][vc_empty_space height=&#8221;2rem&#8221;][\/vc_column][\/vc_row][vc_row content_placement=&#8221;bottom&#8221;][vc_column][\/vc_column][\/vc_row][vc_row equal_height=&#8221;yes&#8221; content_placement=&#8221;middle&#8221;][vc_column width=&#8221;2\/3&#8243; offset=&#8221;vc_col-md-3 vc_col-sm-offset-2&#8243;][vc_column_text]\r\n<div class=\"page\" title=\"Page 11\">\r\n<div class=\"section\">\r\n<div class=\"layoutArea\">\r\n<div class=\"column\">\r\n<p class=\"p1\"><a href=\"https:\/\/www.facebook.com\/battrangmuseumatelier\/\"><strong>B\u00e1t Tr\u00e0ng Museum Atelier (BTMA)<\/strong><\/a> &#8211; The 50-year-old workshop of B\u00e1t Tr\u00e0ng Museum, founded by the late People\u2019s Artisan V\u0169 Th\u1eafng.<\/p>\r\n\r\n<\/div>\r\n<\/div>\r\n<\/div>\r\n<\/div>\r\n[\/vc_column_text][\/vc_column][vc_column width=&#8221;2\/3&#8243; offset=&#8221;vc_col-md-offset-1 vc_col-md-4 vc_col-sm-offset-2 vc_col-xs-offset-1 vc_col-xs-10&#8243;][vc_single_image image=&#8221;6822&#8243; img_size=&#8221;full&#8221; onclick=&#8221;custom_link&#8221; link=&#8221;https:\/\/www.facebook.com\/battrangmuseumatelier\/&#8221;][\/vc_column][\/vc_row][\/vc_section][vc_row][vc_column][vc_empty_space height=&#8221;12rem&#8221;][\/vc_column][\/vc_row][vc_row css=&#8221;.vc_custom_1757304091722{margin-top: px !important;border-top-width: 0px !important;padding-top: px !important;border-top-color: #707070 !important;}&#8221;][vc_column width=&#8221;2\/3&#8243; offset=&#8221;vc_col-lg-offset-2 vc_col-lg-8 vc_col-md-offset-2 vc_col-md-8 vc_col-sm-offset-0&#8243; css=&#8221;.vc_custom_1757303945456{border-top-width: 0px !important;padding-top: px !important;border-top-color: #707070 !important;border-top-style: solid !important;}&#8221;][vc_column_text]<div id=\"ajax-load-more\" class=\"ajax-load-more-wrap infinite classic alm-layouts\" data-id=\"related-p-posts\" data-alm-id=\"\" data-canonical-url=\"https:\/\/battrang.museum\/en\/product\/tulipiere\/\" data-slug=\"tulipiere\" data-post-id=\"1408\"  data-localized=\"ajax_load_more_related_p_posts_vars\" data-alm-object=\"ajax_load_more_related_p_posts\"><div class=\"alm-masonry\" style=\"opacity: 0;\"><div aria-live=\"polite\" aria-atomic=\"true\" class=\"alm-listing alm-ajax grid-products\" data-container-type=\"div\" data-loading-style=\"infinite classic\" data-repeater=\"template_1\" data-post-type=\"product\" data-post-not-in=\"1408\" data-order=\"DESC\" data-orderby=\"rand\" data-offset=\"0\" data-posts-per-page=\"8\" data-lang=\"en\" data-scroll=\"false\" data-button-label=\"Load More\" data-button-loading-label=\"Loading\" data-transition=\"masonry\" data-masonry-config=\"{&quot;selector&quot;:&quot;.grid-item&quot;,&quot;columnwidth&quot;:&quot;0&quot;,&quot;animation&quot;:&quot;slide-up&quot;,&quot;horizontalorder&quot;:&quot;&quot;}\" data-images-loaded=\"true\"><\/div><\/div><div class=\"alm-btn-wrap\" data-rel=\"ajax-load-more\"><button class=\"alm-load-more-btn more \" type=\"button\">Load More<\/button><\/div><\/div>[\/vc_column_text][\/vc_column][vc_column][\/vc_column][\/vc_row][vc_row][vc_column width=&#8221;2\/3&#8243; offset=&#8221;vc_col-lg-offset-4 vc_col-lg-4 vc_col-md-offset-3 vc_col-md-6 vc_col-sm-offset-2&#8243;][vc_column_text]<script>(function() {\n\twindow.mc4wp = window.mc4wp || {\n\t\tlisteners: [],\n\t\tforms: {\n\t\t\ton: function(evt, cb) {\n\t\t\t\twindow.mc4wp.listeners.push(\n\t\t\t\t\t{\n\t\t\t\t\t\tevent   : evt,\n\t\t\t\t\t\tcallback: cb\n\t\t\t\t\t}\n\t\t\t\t);\n\t\t\t}\n\t\t}\n\t}\n})();\n<\/script><!-- Mailchimp for WordPress v4.9.11 - https:\/\/wordpress.org\/plugins\/mailchimp-for-wp\/ --><form id=\"mc4wp-form-1\" class=\"mc4wp-form mc4wp-form-189\" method=\"post\" data-id=\"189\" data-name=\"Newsletter\" ><div class=\"mc4wp-form-fields\"><p class=\"lang-en\">If you want to keep track on what\u2019s happening here from time to time.<\/p>\r\n<p class=\"lang-vi\">Xin h\u00e3y gi\u1eef li\u00ean l\u1ea1c \u0111\u1ec3 nh\u1eadn nh\u1eefng th\u00f4ng tin m\u1edbi nh\u1ea5t t\u1eeb B\u00e1t Tr\u00e0ng Museum.<\/p>\r\n\r\n<p>\r\n\t<input type=\"email\" name=\"EMAIL\" placeholder=\"Email\" required \/>\r\n<\/p>\r\n\r\n<p>\r\n\t<button type=\"submit\">\r\n      <span class=\"lang-en\">SIGN UP<\/span>\r\n      <span class=\"lang-vi\">\u0110\u0102NG K\u00cd<\/span>\r\n  <\/button>\r\n<\/p><\/div><label style=\"display: none !important;\">Leave this field empty if you're human: <input type=\"text\" name=\"_mc4wp_honeypot\" value=\"\" tabindex=\"-1\" autocomplete=\"off\" \/><\/label><input type=\"hidden\" name=\"_mc4wp_timestamp\" value=\"1775741426\" \/><input type=\"hidden\" name=\"_mc4wp_form_id\" value=\"189\" \/><input type=\"hidden\" name=\"_mc4wp_form_element_id\" value=\"mc4wp-form-1\" \/><div class=\"mc4wp-response\"><\/div><\/form><!-- \/ Mailchimp for WordPress Plugin -->[\/vc_column_text][\/vc_column][\/vc_row]<\/div>","protected":false},"featured_media":6472,"template":"","product-category":[37],"acf":[],"yoast_head":"<!-- This site is optimized with the Yoast SEO plugin v22.2 - https:\/\/yoast.com\/wordpress\/plugins\/seo\/ -->\n<title>Tulipiere \u2013 B\u00e1t Tr\u00e0ng Museum Atelier<\/title>\n<meta name=\"description\" content=\"Handcrafted tulipiere, a modern take on the 17th-century European vase, featuring traditional Vietnamese motifs and glazes.\" \/>\n<meta name=\"robots\" content=\"index, follow, max-snippet:-1, max-image-preview:large, max-video-preview:-1\" \/>\n<link rel=\"canonical\" href=\"https:\/\/battrang.museum\/en\/product\/tulipiere\/\" \/>\n<meta property=\"og:locale\" content=\"en_US\" \/>\n<meta property=\"og:type\" content=\"article\" \/>\n<meta property=\"og:title\" content=\"Tulipiere \u2013 B\u00e1t Tr\u00e0ng Museum Atelier\" \/>\n<meta property=\"og:description\" content=\"Handcrafted tulipiere, a modern take on the 17th-century European vase, featuring traditional Vietnamese motifs and glazes.\" \/>\n<meta property=\"og:url\" content=\"https:\/\/battrang.museum\/en\/product\/tulipiere\/\" \/>\n<meta property=\"og:site_name\" content=\"Bat Trang Museum\" \/>\n<meta property=\"article:modified_time\" content=\"2026-04-02T08:30:52+00:00\" \/>\n<meta property=\"og:image\" content=\"https:\/\/battrang.museum\/wp-content\/uploads\/2021\/09\/DSC6594-2.jpg\" \/>\n\t<meta property=\"og:image:width\" content=\"2400\" \/>\n\t<meta property=\"og:image:height\" content=\"2400\" \/>\n\t<meta property=\"og:image:type\" content=\"image\/jpeg\" \/>\n<meta name=\"twitter:card\" content=\"summary_large_image\" \/>\n<meta name=\"twitter:label1\" content=\"Est. reading time\" \/>\n\t<meta name=\"twitter:data1\" content=\"5 minutes\" \/>\n<script type=\"application\/ld+json\" class=\"yoast-schema-graph\">{\"@context\":\"https:\/\/schema.org\",\"@graph\":[{\"@type\":\"WebPage\",\"@id\":\"https:\/\/battrang.museum\/en\/product\/tulipiere\/\",\"url\":\"https:\/\/battrang.museum\/en\/product\/tulipiere\/\",\"name\":\"Tulipiere \u2013 B\u00e1t Tr\u00e0ng Museum Atelier\",\"isPartOf\":{\"@id\":\"https:\/\/battrang.museum\/en\/#website\"},\"primaryImageOfPage\":{\"@id\":\"https:\/\/battrang.museum\/en\/product\/tulipiere\/#primaryimage\"},\"image\":{\"@id\":\"https:\/\/battrang.museum\/en\/product\/tulipiere\/#primaryimage\"},\"thumbnailUrl\":\"https:\/\/battrang.museum\/wp-content\/uploads\/2021\/09\/DSC6594-2.jpg\",\"datePublished\":\"2022-03-21T11:34:38+00:00\",\"dateModified\":\"2026-04-02T08:30:52+00:00\",\"description\":\"Handcrafted tulipiere, a modern take on the 17th-century European vase, featuring traditional Vietnamese motifs and glazes.\",\"breadcrumb\":{\"@id\":\"https:\/\/battrang.museum\/en\/product\/tulipiere\/#breadcrumb\"},\"inLanguage\":\"en-US\",\"potentialAction\":[{\"@type\":\"ReadAction\",\"target\":[\"https:\/\/battrang.museum\/en\/product\/tulipiere\/\"]}]},{\"@type\":\"ImageObject\",\"inLanguage\":\"en-US\",\"@id\":\"https:\/\/battrang.museum\/en\/product\/tulipiere\/#primaryimage\",\"url\":\"https:\/\/battrang.museum\/wp-content\/uploads\/2021\/09\/DSC6594-2.jpg\",\"contentUrl\":\"https:\/\/battrang.museum\/wp-content\/uploads\/2021\/09\/DSC6594-2.jpg\",\"width\":2400,\"height\":2400},{\"@type\":\"BreadcrumbList\",\"@id\":\"https:\/\/battrang.museum\/en\/product\/tulipiere\/#breadcrumb\",\"itemListElement\":[{\"@type\":\"ListItem\",\"position\":1,\"name\":\"Home\",\"item\":\"https:\/\/battrang.museum\/en\/\"},{\"@type\":\"ListItem\",\"position\":2,\"name\":\"Products\",\"item\":\"https:\/\/battrang.museum\/en\/product\/\"},{\"@type\":\"ListItem\",\"position\":3,\"name\":\"Tulipiere\"}]},{\"@type\":\"WebSite\",\"@id\":\"https:\/\/battrang.museum\/en\/#website\",\"url\":\"https:\/\/battrang.museum\/en\/\",\"name\":\"B\u00e1t Tr\u00e0ng Museum by National Artist V\u0169 Th\u1eafng\",\"description\":\"Just another WordPress site\",\"publisher\":{\"@id\":\"https:\/\/battrang.museum\/en\/#organization\"},\"potentialAction\":[{\"@type\":\"SearchAction\",\"target\":{\"@type\":\"EntryPoint\",\"urlTemplate\":\"https:\/\/battrang.museum\/en\/?s={search_term_string}\"},\"query-input\":\"required name=search_term_string\"}],\"inLanguage\":\"en-US\"},{\"@type\":\"Organization\",\"@id\":\"https:\/\/battrang.museum\/en\/#organization\",\"name\":\"B\u00e1t Tr\u00e0ng Museum by National Artist V\u0169 Th\u1eafng\",\"url\":\"https:\/\/battrang.museum\/en\/\",\"logo\":{\"@type\":\"ImageObject\",\"inLanguage\":\"en-US\",\"@id\":\"https:\/\/battrang.museum\/en\/#\/schema\/logo\/image\/\",\"url\":\"https:\/\/battrang.museum\/wp-content\/uploads\/2023\/12\/MN_BT_0-headline.jpg\",\"contentUrl\":\"https:\/\/battrang.museum\/wp-content\/uploads\/2023\/12\/MN_BT_0-headline.jpg\",\"width\":2400,\"height\":1500,\"caption\":\"B\u00e1t Tr\u00e0ng Museum by National Artist V\u0169 Th\u1eafng\"},\"image\":{\"@id\":\"https:\/\/battrang.museum\/en\/#\/schema\/logo\/image\/\"}}]}<\/script>\n<!-- \/ Yoast SEO plugin. -->","yoast_head_json":{"title":"Tulipiere \u2013 B\u00e1t Tr\u00e0ng Museum Atelier","description":"Handcrafted tulipiere, a modern take on the 17th-century European vase, featuring traditional Vietnamese motifs and glazes.","robots":{"index":"index","follow":"follow","max-snippet":"max-snippet:-1","max-image-preview":"max-image-preview:large","max-video-preview":"max-video-preview:-1"},"canonical":"https:\/\/battrang.museum\/en\/product\/tulipiere\/","og_locale":"en_US","og_type":"article","og_title":"Tulipiere \u2013 B\u00e1t Tr\u00e0ng Museum Atelier","og_description":"Handcrafted tulipiere, a modern take on the 17th-century European vase, featuring traditional Vietnamese motifs and glazes.","og_url":"https:\/\/battrang.museum\/en\/product\/tulipiere\/","og_site_name":"Bat Trang Museum","article_modified_time":"2026-04-02T08:30:52+00:00","og_image":[{"width":2400,"height":2400,"url":"https:\/\/battrang.museum\/wp-content\/uploads\/2021\/09\/DSC6594-2.jpg","type":"image\/jpeg"}],"twitter_card":"summary_large_image","twitter_misc":{"Est. reading time":"5 minutes"},"schema":{"@context":"https:\/\/schema.org","@graph":[{"@type":"WebPage","@id":"https:\/\/battrang.museum\/en\/product\/tulipiere\/","url":"https:\/\/battrang.museum\/en\/product\/tulipiere\/","name":"Tulipiere \u2013 B\u00e1t Tr\u00e0ng Museum Atelier","isPartOf":{"@id":"https:\/\/battrang.museum\/en\/#website"},"primaryImageOfPage":{"@id":"https:\/\/battrang.museum\/en\/product\/tulipiere\/#primaryimage"},"image":{"@id":"https:\/\/battrang.museum\/en\/product\/tulipiere\/#primaryimage"},"thumbnailUrl":"https:\/\/battrang.museum\/wp-content\/uploads\/2021\/09\/DSC6594-2.jpg","datePublished":"2022-03-21T11:34:38+00:00","dateModified":"2026-04-02T08:30:52+00:00","description":"Handcrafted tulipiere, a modern take on the 17th-century European vase, featuring traditional Vietnamese motifs and glazes.","breadcrumb":{"@id":"https:\/\/battrang.museum\/en\/product\/tulipiere\/#breadcrumb"},"inLanguage":"en-US","potentialAction":[{"@type":"ReadAction","target":["https:\/\/battrang.museum\/en\/product\/tulipiere\/"]}]},{"@type":"ImageObject","inLanguage":"en-US","@id":"https:\/\/battrang.museum\/en\/product\/tulipiere\/#primaryimage","url":"https:\/\/battrang.museum\/wp-content\/uploads\/2021\/09\/DSC6594-2.jpg","contentUrl":"https:\/\/battrang.museum\/wp-content\/uploads\/2021\/09\/DSC6594-2.jpg","width":2400,"height":2400},{"@type":"BreadcrumbList","@id":"https:\/\/battrang.museum\/en\/product\/tulipiere\/#breadcrumb","itemListElement":[{"@type":"ListItem","position":1,"name":"Home","item":"https:\/\/battrang.museum\/en\/"},{"@type":"ListItem","position":2,"name":"Products","item":"https:\/\/battrang.museum\/en\/product\/"},{"@type":"ListItem","position":3,"name":"Tulipiere"}]},{"@type":"WebSite","@id":"https:\/\/battrang.museum\/en\/#website","url":"https:\/\/battrang.museum\/en\/","name":"B\u00e1t Tr\u00e0ng Museum by National Artist V\u0169 Th\u1eafng","description":"Just another WordPress site","publisher":{"@id":"https:\/\/battrang.museum\/en\/#organization"},"potentialAction":[{"@type":"SearchAction","target":{"@type":"EntryPoint","urlTemplate":"https:\/\/battrang.museum\/en\/?s={search_term_string}"},"query-input":"required name=search_term_string"}],"inLanguage":"en-US"},{"@type":"Organization","@id":"https:\/\/battrang.museum\/en\/#organization","name":"B\u00e1t Tr\u00e0ng Museum by National Artist V\u0169 Th\u1eafng","url":"https:\/\/battrang.museum\/en\/","logo":{"@type":"ImageObject","inLanguage":"en-US","@id":"https:\/\/battrang.museum\/en\/#\/schema\/logo\/image\/","url":"https:\/\/battrang.museum\/wp-content\/uploads\/2023\/12\/MN_BT_0-headline.jpg","contentUrl":"https:\/\/battrang.museum\/wp-content\/uploads\/2023\/12\/MN_BT_0-headline.jpg","width":2400,"height":1500,"caption":"B\u00e1t Tr\u00e0ng Museum by National Artist V\u0169 Th\u1eafng"},"image":{"@id":"https:\/\/battrang.museum\/en\/#\/schema\/logo\/image\/"}}]}},"_links":{"self":[{"href":"https:\/\/battrang.museum\/en\/wp-json\/wp\/v2\/product\/1408"}],"collection":[{"href":"https:\/\/battrang.museum\/en\/wp-json\/wp\/v2\/product"}],"about":[{"href":"https:\/\/battrang.museum\/en\/wp-json\/wp\/v2\/types\/product"}],"wp:featuredmedia":[{"embeddable":true,"href":"https:\/\/battrang.museum\/en\/wp-json\/wp\/v2\/media\/6472"}],"wp:attachment":[{"href":"https:\/\/battrang.museum\/en\/wp-json\/wp\/v2\/media?parent=1408"}],"wp:term":[{"taxonomy":"product-category","embeddable":true,"href":"https:\/\/battrang.museum\/en\/wp-json\/wp\/v2\/product-category?post=1408"}],"curies":[{"name":"wp","href":"https:\/\/api.w.org\/{rel}","templated":true}]}}