{"id":7537,"date":"2025-10-01T17:00:41","date_gmt":"2025-10-01T10:00:41","guid":{"rendered":"https:\/\/battrang.museum\/?post_type=product&#038;p=7537"},"modified":"2025-10-23T11:20:01","modified_gmt":"2025-10-23T04:20:01","slug":"dragon-stool","status":"publish","type":"product","link":"https:\/\/battrang.museum\/en\/product\/dragon-stool\/","title":{"rendered":"Dragon stool"},"content":{"rendered":"<div class=\"wpb-content-wrapper\">[vc_row full_width=&#8221;stretch_row_content_no_spaces&#8221; css=&#8221;.vc_custom_1759310849144{background-image: url(http:\/\/battrang.museum\/wp-content\/uploads\/2025\/10\/don-ghe-Rong-tra-da-BTMJChaumet_1835.jpg?id=7542) !important;background-position: center !important;background-repeat: no-repeat !important;background-size: cover !important;}&#8221;][vc_column][vc_empty_space height=&#8221;68rem&#8221;][\/vc_column][\/vc_row][vc_row][vc_column][vc_empty_space height=&#8221;6rem&#8221;][\/vc_column][\/vc_row][vc_row][vc_column width=&#8221;5\/6&#8243; offset=&#8221;vc_col-lg-offset-2 vc_col-lg-8 vc_col-md-offset-1 vc_col-md-10 vc_col-sm-offset-1&#8243;][vc_column_text]\r\n<h3>Dragon stool<\/h3>\r\n[\/vc_column_text][vc_empty_space height=&#8221;4rem&#8221;][\/vc_column][vc_column width=&#8221;5\/6&#8243; offset=&#8221;vc_col-lg-offset-2 vc_col-lg-4 vc_col-md-offset-1 vc_col-md-6 vc_col-sm-offset-1&#8243;][vc_column_text]Designed by Fashion Designer Dieu Anh in collaboration with B\u00e1t Tr\u00e0ng Museum Atelier (BTMA), \u201cR\u1ed3ng Ph\u1ed1\u201d is a collection of five ceramic art pieces. Each piece combined the regal Asian dragon icon with the everyday street objects like plastic stools, monoblocs, brick blocks, water pipes, and car tires. As a result, they distinctively harmonize the ancient traditions of Vietnam and the nation\u2019s contemporary cultures, forming a one-of-a-kind art collection.\r\n\r\nThe Dragon Stool \u2014 a humble icon of Vietnam\u2019s sidewalk culture, echoing the plastic stools where street stories are told.[\/vc_column_text][vc_empty_space height=&#8221;4rem&#8221;][\/vc_column][vc_column width=&#8221;5\/6&#8243; offset=&#8221;vc_col-lg-offset-1 vc_col-lg-3 vc_col-md-offset-1 vc_col-md-3 vc_col-sm-offset-1&#8243;][vc_column_text el_class=&#8221;event-time&#8221;]<strong>Dimension (cm)\u00a0 \u00a0<\/strong>28x29x28(L) \u201421x22x21(M) \u201416x17x16(S)\r\n<strong>Technique\u00a0 \u00a0 \u00a0 \u00a0 <\/strong>Ph\u1ee7 men ch\u1ed3ng m\u00e0u\r\n<strong>Color\u00a0 \u00a0 \u00a0 \u00a0 <\/strong>Red\u00a0\u2014Explore other color versions on B\u00e1t Tr\u00e0ng Museum Atelier (BTMA)\u2019s Facebook page \u2014<strong><a href=\"https:\/\/www.facebook.com\/battrangmuseumatelier\/\"><span class=\"s1\">Click here<\/span><\/a><\/strong>\r\n\r\n[\/vc_column_text][vc_empty_space height=&#8221;1rem&#8221;][vc_empty_space height=&#8221;12rem&#8221;][vc_single_image image=&#8221;6500&#8243; img_size=&#8221;medium&#8221;][vc_empty_space height=&#8221;12rem&#8221;][\/vc_column][\/vc_row][vc_row][vc_column][vc_empty_space height=&#8221;12rem&#8221;][vc_empty_space height=&#8221;12rem&#8221; el_class=&#8221;hide-tablet-v&#8221;][\/vc_column][\/vc_row][vc_row equal_height=&#8221;yes&#8221; content_placement=&#8221;middle&#8221;][vc_column width=&#8221;2\/3&#8243; offset=&#8221;vc_col-md-offset-2 vc_col-md-3 vc_col-sm-offset-2&#8243;][vc_row_inner][vc_column_inner offset=&#8221;vc_hidden-sm vc_hidden-xs&#8221;][vc_empty_space height=&#8221;10rem&#8221;][\/vc_column_inner][\/vc_row_inner][vc_column_text]\r\n<div class=\"page\" title=\"Page 11\">\r\n<div class=\"section\">\r\n<div class=\"layoutArea\">\r\n<div class=\"column\">\r\n\r\nAccording to East Asian beliefs, the Dragon embodies the power of the four elements that make up the universe: Earth, Water, Air and Fire; and we mere mortals occupy a very miniscule part of it. This was the core idea that guided B\u00e1t Tr\u00e0ng Museum Atelier x dieuAnh throughout their process of conceptualizing R\u1ed3ng Ph\u1ed1. They were aiming for something new, a fresh notion, one that retains the sacredness of the source of inspiration, yet intimately familiar to one and all. By the flame of passion for the ceramic art, life alongside the energy of universe are breathed into these artworks, and unto the inner self, by proxy.\r\n\r\n&nbsp;\r\n\r\n<\/div>\r\n<\/div>\r\n<\/div>\r\n<\/div>\r\n[\/vc_column_text][\/vc_column][vc_column width=&#8221;2\/3&#8243; offset=&#8221;vc_col-md-offset-1 vc_col-md-6 vc_col-sm-offset-2 vc_col-xs-offset-1 vc_col-xs-10&#8243;][vc_row_inner][vc_column_inner offset=&#8221;vc_hidden-lg vc_hidden-md&#8221;][vc_empty_space height=&#8221;4rem&#8221;][\/vc_column_inner][vc_column_inner width=&#8221;2\/3&#8243; offset=&#8221;vc_col-md-6 vc_col-xs-8&#8243;][vc_empty_space height=&#8221;4rem&#8221;][vc_single_image image=&#8221;7545&#8243; img_size=&#8221;full&#8221;][vc_empty_space height=&#8221;4rem&#8221;][\/vc_column_inner][vc_column_inner width=&#8221;1\/4&#8243; offset=&#8221;vc_col-md-2 vc_col-sm-offset-1 vc_col-xs-offset-1 vc_col-xs-3&#8243;][vc_single_image image=&#8221;6432&#8243; img_size=&#8221;full&#8221;][\/vc_column_inner][\/vc_row_inner][\/vc_column][\/vc_row][vc_section el_class=&#8221;.grid-collection&#8221;][vc_row equal_height=&#8221;yes&#8221; content_placement=&#8221;middle&#8221;][vc_column width=&#8221;2\/3&#8243; offset=&#8221;vc_col-md-3 vc_col-sm-offset-2&#8243;][vc_column_text]\r\n<p class=\"p1\">More on B\u00e1t Tr\u00e0ng Museum Atelier (BTMA)\u2019s Facebook page <strong><a href=\"https:\/\/www.facebook.com\/battrangmuseumatelier\/\">\u2014Click here. <\/a><\/strong><\/p>\r\n[\/vc_column_text][\/vc_column][vc_column width=&#8221;2\/3&#8243; offset=&#8221;vc_col-md-offset-1 vc_col-md-4 vc_col-sm-offset-2 vc_col-xs-offset-1 vc_col-xs-10&#8243;][vc_empty_space height=&#8221;4rem&#8221;][vc_single_image image=&#8221;7547&#8243; img_size=&#8221;full&#8221;][vc_empty_space height=&#8221;4rem&#8221;][\/vc_column][\/vc_row][\/vc_section][vc_section el_class=&#8221;.grid-collection&#8221;][vc_row][vc_column][vc_empty_space height=&#8221;8rem&#8221; el_class=&#8221;hide-tablet-v&#8221;][\/vc_column][\/vc_row][vc_row][vc_column width=&#8221;2\/3&#8243; offset=&#8221;vc_col-sm-offset-2&#8243;][vc_row_inner][vc_column_inner width=&#8221;1\/2&#8243; offset=&#8221;vc_col-xs-6&#8243;][vc_single_image image=&#8221;7553&#8243; img_size=&#8221;full&#8221;][\/vc_column_inner][vc_column_inner width=&#8221;1\/2&#8243; offset=&#8221;vc_col-xs-6&#8243;][vc_single_image image=&#8221;7555&#8243; img_size=&#8221;full&#8221;][\/vc_column_inner][\/vc_row_inner][vc_row_inner][vc_column_inner width=&#8221;1\/2&#8243; offset=&#8221;vc_col-xs-6&#8243;][vc_single_image image=&#8221;7557&#8243; img_size=&#8221;full&#8221;][vc_empty_space height=&#8221;1rem&#8221;][\/vc_column_inner][vc_column_inner width=&#8221;1\/2&#8243; offset=&#8221;vc_col-xs-6&#8243;][vc_single_image image=&#8221;7559&#8243; img_size=&#8221;full&#8221;][vc_empty_space height=&#8221;1rem&#8221;][\/vc_column_inner][\/vc_row_inner][vc_empty_space height=&#8221;2rem&#8221;][\/vc_column][\/vc_row][vc_row content_placement=&#8221;bottom&#8221;][vc_column][vc_row_inner][vc_column_inner width=&#8221;2\/3&#8243;][\/vc_column_inner][\/vc_row_inner][\/vc_column][\/vc_row][vc_row equal_height=&#8221;yes&#8221; content_placement=&#8221;middle&#8221;][vc_column width=&#8221;2\/3&#8243; offset=&#8221;vc_col-md-3 vc_col-sm-offset-2&#8243;][vc_column_text]\r\n<div class=\"page\" title=\"Page 11\">\r\n<div class=\"section\">\r\n<div class=\"layoutArea\">\r\n<div class=\"column\">\r\n<p class=\"p1\"><a href=\"https:\/\/www.facebook.com\/battrangmuseumatelier\/\"><strong>B\u00e1t Tr\u00e0ng Museum Atelier (BTMA)<\/strong><\/a> &#8211; The 50-year-old workshop of B\u00e1t Tr\u00e0ng Museum, founded by the late People\u2019s Artisan V\u0169 Th\u1eafng.<\/p>\r\n\r\n<\/div>\r\n<\/div>\r\n<\/div>\r\n<\/div>\r\n[\/vc_column_text][\/vc_column][vc_column width=&#8221;2\/3&#8243; offset=&#8221;vc_col-md-offset-1 vc_col-md-4 vc_col-sm-offset-2 vc_col-xs-offset-1 vc_col-xs-10&#8243;][vc_single_image image=&#8221;6822&#8243; img_size=&#8221;full&#8221; onclick=&#8221;custom_link&#8221; link=&#8221;https:\/\/www.facebook.com\/battrangmuseumatelier\/&#8221;][\/vc_column][\/vc_row][\/vc_section][vc_row content_placement=&#8221;bottom&#8221;][vc_column][vc_row_inner][vc_column_inner width=&#8221;2\/3&#8243;][vc_empty_space height=&#8221;64px&#8221;][\/vc_column_inner][\/vc_row_inner][\/vc_column][\/vc_row][vc_row css=&#8221;.vc_custom_1757304091722{margin-top: px !important;border-top-width: 0px !important;padding-top: px !important;border-top-color: #707070 !important;}&#8221;][vc_column width=&#8221;2\/3&#8243; offset=&#8221;vc_col-lg-offset-2 vc_col-lg-8 vc_col-md-offset-2 vc_col-md-8 vc_col-sm-offset-0&#8243; css=&#8221;.vc_custom_1757303945456{border-top-width: 0px !important;padding-top: px !important;border-top-color: #707070 !important;border-top-style: solid !important;}&#8221;][vc_column_text]<div id=\"ajax-load-more\" class=\"ajax-load-more-wrap infinite classic alm-layouts\" data-id=\"related-p-posts\" data-alm-id=\"\" data-canonical-url=\"https:\/\/battrang.museum\/en\/product\/dragon-stool\/\" data-slug=\"dragon-stool\" data-post-id=\"7537\"  data-localized=\"ajax_load_more_related_p_posts_vars\" data-alm-object=\"ajax_load_more_related_p_posts\"><div class=\"alm-masonry\" style=\"opacity: 0;\"><div aria-live=\"polite\" aria-atomic=\"true\" class=\"alm-listing alm-ajax grid-products\" data-container-type=\"div\" data-loading-style=\"infinite classic\" data-repeater=\"template_1\" data-post-type=\"product\" data-post-not-in=\"7537\" data-order=\"DESC\" data-orderby=\"rand\" data-offset=\"0\" data-posts-per-page=\"8\" data-lang=\"en\" data-scroll=\"false\" data-button-label=\"Load More\" data-button-loading-label=\"Loading\" data-transition=\"masonry\" data-masonry-config=\"{&quot;selector&quot;:&quot;.grid-item&quot;,&quot;columnwidth&quot;:&quot;0&quot;,&quot;animation&quot;:&quot;slide-up&quot;,&quot;horizontalorder&quot;:&quot;&quot;}\" data-images-loaded=\"true\"><\/div><\/div><div class=\"alm-btn-wrap\" data-rel=\"ajax-load-more\"><button class=\"alm-load-more-btn more \" type=\"button\">Load More<\/button><\/div><\/div>[\/vc_column_text][\/vc_column][vc_column][\/vc_column][\/vc_row][vc_row][vc_column width=&#8221;2\/3&#8243; offset=&#8221;vc_col-lg-offset-4 vc_col-lg-4 vc_col-md-offset-3 vc_col-md-6 vc_col-sm-offset-2&#8243;][vc_column_text]<script>(function() {\n\twindow.mc4wp = window.mc4wp || {\n\t\tlisteners: [],\n\t\tforms: {\n\t\t\ton: function(evt, cb) {\n\t\t\t\twindow.mc4wp.listeners.push(\n\t\t\t\t\t{\n\t\t\t\t\t\tevent   : evt,\n\t\t\t\t\t\tcallback: cb\n\t\t\t\t\t}\n\t\t\t\t);\n\t\t\t}\n\t\t}\n\t}\n})();\n<\/script><!-- Mailchimp for WordPress v4.9.11 - https:\/\/wordpress.org\/plugins\/mailchimp-for-wp\/ --><form id=\"mc4wp-form-1\" class=\"mc4wp-form mc4wp-form-189\" method=\"post\" data-id=\"189\" data-name=\"Newsletter\" ><div class=\"mc4wp-form-fields\"><p class=\"lang-en\">If you want to keep track on what\u2019s happening here from time to time.<\/p>\r\n<p class=\"lang-vi\">Xin h\u00e3y gi\u1eef li\u00ean l\u1ea1c \u0111\u1ec3 nh\u1eadn nh\u1eefng th\u00f4ng tin m\u1edbi nh\u1ea5t t\u1eeb B\u00e1t Tr\u00e0ng Museum.<\/p>\r\n\r\n<p>\r\n\t<input type=\"email\" name=\"EMAIL\" placeholder=\"Email\" required \/>\r\n<\/p>\r\n\r\n<p>\r\n\t<button type=\"submit\">\r\n      <span class=\"lang-en\">SIGN UP<\/span>\r\n      <span class=\"lang-vi\">\u0110\u0102NG K\u00cd<\/span>\r\n  <\/button>\r\n<\/p><\/div><label style=\"display: none !important;\">Leave this field empty if you're human: <input type=\"text\" name=\"_mc4wp_honeypot\" value=\"\" tabindex=\"-1\" autocomplete=\"off\" \/><\/label><input type=\"hidden\" name=\"_mc4wp_timestamp\" value=\"1776224551\" \/><input type=\"hidden\" name=\"_mc4wp_form_id\" value=\"189\" \/><input type=\"hidden\" name=\"_mc4wp_form_element_id\" value=\"mc4wp-form-1\" \/><div class=\"mc4wp-response\"><\/div><\/form><!-- \/ Mailchimp for WordPress Plugin -->[\/vc_column_text][\/vc_column][\/vc_row]<\/div>","protected":false},"featured_media":7539,"template":"","product-category":[37],"acf":[],"yoast_head":"<!-- This site is optimized with the Yoast SEO plugin v22.2 - https:\/\/yoast.com\/wordpress\/plugins\/seo\/ -->\n<title>Dragon stool \u2013 B\u00e1t Tr\u00e0ng Museum Atelier<\/title>\n<meta name=\"description\" content=\"The Dragon Stool \u2014 a humble icon of Vietnam\u2019s sidewalk culture, echoing the plastic stools where street stories are told.\" \/>\n<meta name=\"robots\" content=\"index, follow, max-snippet:-1, max-image-preview:large, max-video-preview:-1\" \/>\n<link rel=\"canonical\" href=\"https:\/\/battrang.museum\/en\/product\/dragon-stool\/\" \/>\n<meta property=\"og:locale\" content=\"en_US\" \/>\n<meta property=\"og:type\" content=\"article\" \/>\n<meta property=\"og:title\" content=\"Dragon stool \u2013 B\u00e1t Tr\u00e0ng Museum Atelier\" \/>\n<meta property=\"og:description\" content=\"The Dragon Stool \u2014 a humble icon of Vietnam\u2019s sidewalk culture, echoing the plastic stools where street stories are told.\" \/>\n<meta property=\"og:url\" content=\"https:\/\/battrang.museum\/en\/product\/dragon-stool\/\" \/>\n<meta property=\"og:site_name\" content=\"Bat Trang Museum\" \/>\n<meta property=\"article:modified_time\" content=\"2025-10-23T04:20:01+00:00\" \/>\n<meta property=\"og:image\" content=\"https:\/\/battrang.museum\/wp-content\/uploads\/2025\/10\/DSC_5541.jpg-cover.jpg\" \/>\n\t<meta property=\"og:image:width\" content=\"1333\" \/>\n\t<meta property=\"og:image:height\" content=\"1333\" \/>\n\t<meta property=\"og:image:type\" content=\"image\/jpeg\" \/>\n<meta name=\"twitter:card\" content=\"summary_large_image\" \/>\n<meta name=\"twitter:label1\" content=\"Est. reading time\" \/>\n\t<meta name=\"twitter:data1\" content=\"5 minutes\" \/>\n<script type=\"application\/ld+json\" class=\"yoast-schema-graph\">{\"@context\":\"https:\/\/schema.org\",\"@graph\":[{\"@type\":\"WebPage\",\"@id\":\"https:\/\/battrang.museum\/en\/product\/dragon-stool\/\",\"url\":\"https:\/\/battrang.museum\/en\/product\/dragon-stool\/\",\"name\":\"Dragon stool \u2013 B\u00e1t Tr\u00e0ng Museum Atelier\",\"isPartOf\":{\"@id\":\"https:\/\/battrang.museum\/en\/#website\"},\"primaryImageOfPage\":{\"@id\":\"https:\/\/battrang.museum\/en\/product\/dragon-stool\/#primaryimage\"},\"image\":{\"@id\":\"https:\/\/battrang.museum\/en\/product\/dragon-stool\/#primaryimage\"},\"thumbnailUrl\":\"https:\/\/battrang.museum\/wp-content\/uploads\/2025\/10\/DSC_5541.jpg-cover.jpg\",\"datePublished\":\"2025-10-01T10:00:41+00:00\",\"dateModified\":\"2025-10-23T04:20:01+00:00\",\"description\":\"The Dragon Stool \u2014 a humble icon of Vietnam\u2019s sidewalk culture, echoing the plastic stools where street stories are told.\",\"breadcrumb\":{\"@id\":\"https:\/\/battrang.museum\/en\/product\/dragon-stool\/#breadcrumb\"},\"inLanguage\":\"en-US\",\"potentialAction\":[{\"@type\":\"ReadAction\",\"target\":[\"https:\/\/battrang.museum\/en\/product\/dragon-stool\/\"]}]},{\"@type\":\"ImageObject\",\"inLanguage\":\"en-US\",\"@id\":\"https:\/\/battrang.museum\/en\/product\/dragon-stool\/#primaryimage\",\"url\":\"https:\/\/battrang.museum\/wp-content\/uploads\/2025\/10\/DSC_5541.jpg-cover.jpg\",\"contentUrl\":\"https:\/\/battrang.museum\/wp-content\/uploads\/2025\/10\/DSC_5541.jpg-cover.jpg\",\"width\":1333,\"height\":1333},{\"@type\":\"BreadcrumbList\",\"@id\":\"https:\/\/battrang.museum\/en\/product\/dragon-stool\/#breadcrumb\",\"itemListElement\":[{\"@type\":\"ListItem\",\"position\":1,\"name\":\"Home\",\"item\":\"https:\/\/battrang.museum\/en\/\"},{\"@type\":\"ListItem\",\"position\":2,\"name\":\"Products\",\"item\":\"https:\/\/battrang.museum\/en\/product\/\"},{\"@type\":\"ListItem\",\"position\":3,\"name\":\"Dragon stool\"}]},{\"@type\":\"WebSite\",\"@id\":\"https:\/\/battrang.museum\/en\/#website\",\"url\":\"https:\/\/battrang.museum\/en\/\",\"name\":\"B\u00e1t Tr\u00e0ng Museum by National Artist V\u0169 Th\u1eafng\",\"description\":\"Just another WordPress site\",\"publisher\":{\"@id\":\"https:\/\/battrang.museum\/en\/#organization\"},\"potentialAction\":[{\"@type\":\"SearchAction\",\"target\":{\"@type\":\"EntryPoint\",\"urlTemplate\":\"https:\/\/battrang.museum\/en\/?s={search_term_string}\"},\"query-input\":\"required name=search_term_string\"}],\"inLanguage\":\"en-US\"},{\"@type\":\"Organization\",\"@id\":\"https:\/\/battrang.museum\/en\/#organization\",\"name\":\"B\u00e1t Tr\u00e0ng Museum by National Artist V\u0169 Th\u1eafng\",\"url\":\"https:\/\/battrang.museum\/en\/\",\"logo\":{\"@type\":\"ImageObject\",\"inLanguage\":\"en-US\",\"@id\":\"https:\/\/battrang.museum\/en\/#\/schema\/logo\/image\/\",\"url\":\"https:\/\/battrang.museum\/wp-content\/uploads\/2023\/12\/MN_BT_0-headline.jpg\",\"contentUrl\":\"https:\/\/battrang.museum\/wp-content\/uploads\/2023\/12\/MN_BT_0-headline.jpg\",\"width\":2400,\"height\":1500,\"caption\":\"B\u00e1t Tr\u00e0ng Museum by National Artist V\u0169 Th\u1eafng\"},\"image\":{\"@id\":\"https:\/\/battrang.museum\/en\/#\/schema\/logo\/image\/\"}}]}<\/script>\n<!-- \/ Yoast SEO plugin. -->","yoast_head_json":{"title":"Dragon stool \u2013 B\u00e1t Tr\u00e0ng Museum Atelier","description":"The Dragon Stool \u2014 a humble icon of Vietnam\u2019s sidewalk culture, echoing the plastic stools where street stories are told.","robots":{"index":"index","follow":"follow","max-snippet":"max-snippet:-1","max-image-preview":"max-image-preview:large","max-video-preview":"max-video-preview:-1"},"canonical":"https:\/\/battrang.museum\/en\/product\/dragon-stool\/","og_locale":"en_US","og_type":"article","og_title":"Dragon stool \u2013 B\u00e1t Tr\u00e0ng Museum Atelier","og_description":"The Dragon Stool \u2014 a humble icon of Vietnam\u2019s sidewalk culture, echoing the plastic stools where street stories are told.","og_url":"https:\/\/battrang.museum\/en\/product\/dragon-stool\/","og_site_name":"Bat Trang Museum","article_modified_time":"2025-10-23T04:20:01+00:00","og_image":[{"width":1333,"height":1333,"url":"https:\/\/battrang.museum\/wp-content\/uploads\/2025\/10\/DSC_5541.jpg-cover.jpg","type":"image\/jpeg"}],"twitter_card":"summary_large_image","twitter_misc":{"Est. reading time":"5 minutes"},"schema":{"@context":"https:\/\/schema.org","@graph":[{"@type":"WebPage","@id":"https:\/\/battrang.museum\/en\/product\/dragon-stool\/","url":"https:\/\/battrang.museum\/en\/product\/dragon-stool\/","name":"Dragon stool \u2013 B\u00e1t Tr\u00e0ng Museum Atelier","isPartOf":{"@id":"https:\/\/battrang.museum\/en\/#website"},"primaryImageOfPage":{"@id":"https:\/\/battrang.museum\/en\/product\/dragon-stool\/#primaryimage"},"image":{"@id":"https:\/\/battrang.museum\/en\/product\/dragon-stool\/#primaryimage"},"thumbnailUrl":"https:\/\/battrang.museum\/wp-content\/uploads\/2025\/10\/DSC_5541.jpg-cover.jpg","datePublished":"2025-10-01T10:00:41+00:00","dateModified":"2025-10-23T04:20:01+00:00","description":"The Dragon Stool \u2014 a humble icon of Vietnam\u2019s sidewalk culture, echoing the plastic stools where street stories are told.","breadcrumb":{"@id":"https:\/\/battrang.museum\/en\/product\/dragon-stool\/#breadcrumb"},"inLanguage":"en-US","potentialAction":[{"@type":"ReadAction","target":["https:\/\/battrang.museum\/en\/product\/dragon-stool\/"]}]},{"@type":"ImageObject","inLanguage":"en-US","@id":"https:\/\/battrang.museum\/en\/product\/dragon-stool\/#primaryimage","url":"https:\/\/battrang.museum\/wp-content\/uploads\/2025\/10\/DSC_5541.jpg-cover.jpg","contentUrl":"https:\/\/battrang.museum\/wp-content\/uploads\/2025\/10\/DSC_5541.jpg-cover.jpg","width":1333,"height":1333},{"@type":"BreadcrumbList","@id":"https:\/\/battrang.museum\/en\/product\/dragon-stool\/#breadcrumb","itemListElement":[{"@type":"ListItem","position":1,"name":"Home","item":"https:\/\/battrang.museum\/en\/"},{"@type":"ListItem","position":2,"name":"Products","item":"https:\/\/battrang.museum\/en\/product\/"},{"@type":"ListItem","position":3,"name":"Dragon stool"}]},{"@type":"WebSite","@id":"https:\/\/battrang.museum\/en\/#website","url":"https:\/\/battrang.museum\/en\/","name":"B\u00e1t Tr\u00e0ng Museum by National Artist V\u0169 Th\u1eafng","description":"Just another WordPress site","publisher":{"@id":"https:\/\/battrang.museum\/en\/#organization"},"potentialAction":[{"@type":"SearchAction","target":{"@type":"EntryPoint","urlTemplate":"https:\/\/battrang.museum\/en\/?s={search_term_string}"},"query-input":"required name=search_term_string"}],"inLanguage":"en-US"},{"@type":"Organization","@id":"https:\/\/battrang.museum\/en\/#organization","name":"B\u00e1t Tr\u00e0ng Museum by National Artist V\u0169 Th\u1eafng","url":"https:\/\/battrang.museum\/en\/","logo":{"@type":"ImageObject","inLanguage":"en-US","@id":"https:\/\/battrang.museum\/en\/#\/schema\/logo\/image\/","url":"https:\/\/battrang.museum\/wp-content\/uploads\/2023\/12\/MN_BT_0-headline.jpg","contentUrl":"https:\/\/battrang.museum\/wp-content\/uploads\/2023\/12\/MN_BT_0-headline.jpg","width":2400,"height":1500,"caption":"B\u00e1t Tr\u00e0ng Museum by National Artist V\u0169 Th\u1eafng"},"image":{"@id":"https:\/\/battrang.museum\/en\/#\/schema\/logo\/image\/"}}]}},"_links":{"self":[{"href":"https:\/\/battrang.museum\/en\/wp-json\/wp\/v2\/product\/7537"}],"collection":[{"href":"https:\/\/battrang.museum\/en\/wp-json\/wp\/v2\/product"}],"about":[{"href":"https:\/\/battrang.museum\/en\/wp-json\/wp\/v2\/types\/product"}],"wp:featuredmedia":[{"embeddable":true,"href":"https:\/\/battrang.museum\/en\/wp-json\/wp\/v2\/media\/7539"}],"wp:attachment":[{"href":"https:\/\/battrang.museum\/en\/wp-json\/wp\/v2\/media?parent=7537"}],"wp:term":[{"taxonomy":"product-category","embeddable":true,"href":"https:\/\/battrang.museum\/en\/wp-json\/wp\/v2\/product-category?post=7537"}],"curies":[{"name":"wp","href":"https:\/\/api.w.org\/{rel}","templated":true}]}}